{"id":13,"date":"2019-02-25T15:14:45","date_gmt":"2019-02-25T07:14:45","guid":{"rendered":"http:\/\/www.redskylighting.com\/test\/\/?page_id=13"},"modified":"2024-05-12T23:25:32","modified_gmt":"2024-05-13T03:25:32","slug":"about-us","status":"publish","type":"page","link":"https:\/\/www.grinsafe.com\/es\/about-us\/","title":{"rendered":"Acerca de Nosotros"},"content":{"rendered":"<p>GRINSAFE fue fundado por un equipo de ingenieros t\u00e9cnicos y de ventas que han estado en iluminaci\u00f3n para lugares hostiles y peligrosos durante muchos a\u00f1os. Con la misi\u00f3n de hacer que la aplicaci\u00f3n industrial pesada sea r\u00e1pida y f\u00e1cil, sin temor a los riesgos de seguridad, la instalaci\u00f3n complicada y el mantenimiento costoso, nos impulsa a convertirnos en algo m\u00e1s que lo normal.<\/p>\n<p>Vemos un mundo donde la industria pesada se transforma para ser m\u00e1s segura, m\u00e1s productiva y respetuosa con el medio ambiente a trav\u00e9s de la iluminaci\u00f3n. Permitimos que los clientes industriales que operan en entornos exigentes reduzcan sus costos de energ\u00eda, costos de mantenimiento y huella de carbono al tiempo que maximizan la seguridad y la productividad de sus instalaciones.<\/p>\n","protected":false},"excerpt":{"rendered":"<p>GRINSAFE fue fundado por un equipo de ingenieros t\u00e9cnicos y de ventas que han estado en iluminaci\u00f3n para lugares hostiles y peligrosos durante muchos a\u00f1os. Con la misi\u00f3n de hacer que la aplicaci\u00f3n industrial pesada sea r\u00e1pida y f\u00e1cil, sin temor a los riesgos de seguridad, la instalaci\u00f3n complicada y el mantenimiento costoso, nos impulsa [&hellip;]<\/p>\n","protected":false},"author":1,"featured_media":0,"parent":0,"menu_order":0,"comment_status":"closed","ping_status":"closed","template":"page-about.php","meta":[],"aioseo_notices":[],"_links":{"self":[{"href":"https:\/\/www.grinsafe.com\/es\/wp-json\/wp\/v2\/pages\/13"}],"collection":[{"href":"https:\/\/www.grinsafe.com\/es\/wp-json\/wp\/v2\/pages"}],"about":[{"href":"https:\/\/www.grinsafe.com\/es\/wp-json\/wp\/v2\/types\/page"}],"author":[{"embeddable":true,"href":"https:\/\/www.grinsafe.com\/es\/wp-json\/wp\/v2\/users\/1"}],"replies":[{"embeddable":true,"href":"https:\/\/www.grinsafe.com\/es\/wp-json\/wp\/v2\/comments?post=13"}],"version-history":[{"count":14,"href":"https:\/\/www.grinsafe.com\/es\/wp-json\/wp\/v2\/pages\/13\/revisions"}],"predecessor-version":[{"id":2798,"href":"https:\/\/www.grinsafe.com\/es\/wp-json\/wp\/v2\/pages\/13\/revisions\/2798"}],"wp:attachment":[{"href":"https:\/\/www.grinsafe.com\/es\/wp-json\/wp\/v2\/media?parent=13"}],"curies":[{"name":"wp","href":"https:\/\/api.w.org\/{rel}","templated":true}]}}